{"id":3342,"date":"2024-06-30T13:09:01","date_gmt":"2024-06-30T11:09:01","guid":{"rendered":"https:\/\/ecstaticdance.eus\/la-musica\/"},"modified":"2024-12-08T20:02:05","modified_gmt":"2024-12-08T19:02:05","slug":"la-musica","status":"publish","type":"page","link":"https:\/\/ecstaticdance.eus\/eu\/la-musica\/","title":{"rendered":"Musika da gidari bakarra"},"content":{"rendered":"\t\t<div data-elementor-type=\"wp-page\" data-elementor-id=\"3342\" class=\"elementor elementor-3342\">\n\t\t\t\t<div class=\"elementor-element elementor-element-56b0d1c e-flex e-con-boxed e-con e-parent\" data-id=\"56b0d1c\" data-element_type=\"container\" data-e-type=\"container\">\n\t\t\t\t\t<div class=\"e-con-inner\">\n\t\t<div class=\"elementor-element elementor-element-b6168a7 e-con-full e-flex e-con e-child\" data-id=\"b6168a7\" data-element_type=\"container\" data-e-type=\"container\">\n\t\t\t\t<div class=\"elementor-element elementor-element-64ab9cd elementor-widget elementor-widget-image\" data-id=\"64ab9cd\" data-element_type=\"widget\" data-e-type=\"widget\" data-widget_type=\"image.default\">\n\t\t\t\t<div class=\"elementor-widget-container\">\n\t\t\t\t\t\t\t\t\t\t\t\t\t\t\t<img fetchpriority=\"high\" decoding=\"async\" width=\"980\" height=\"1024\" src=\"https:\/\/ecstaticdance.eus\/wp-content\/uploads\/music-980x1024.jpg\" class=\"attachment-large size-large wp-image-2257\" alt=\"\" srcset=\"https:\/\/ecstaticdance.eus\/wp-content\/uploads\/music-980x1024.jpg 980w, https:\/\/ecstaticdance.eus\/wp-content\/uploads\/music-287x300.jpg 287w, https:\/\/ecstaticdance.eus\/wp-content\/uploads\/music-768x803.jpg 768w, https:\/\/ecstaticdance.eus\/wp-content\/uploads\/music.jpg 1398w\" sizes=\"(max-width: 980px) 100vw, 980px\" \/>\t\t\t\t\t\t\t\t\t\t\t\t\t\t\t<\/div>\n\t\t\t\t<\/div>\n\t\t\t\t<\/div>\n\t\t<div class=\"elementor-element elementor-element-7f63ab3 e-con-full e-flex e-con e-child\" data-id=\"7f63ab3\" data-element_type=\"container\" data-e-type=\"container\">\n\t\t\t\t<div class=\"elementor-element elementor-element-e3556fc elementor-widget elementor-widget-heading\" data-id=\"e3556fc\" data-element_type=\"widget\" data-e-type=\"widget\" data-widget_type=\"heading.default\">\n\t\t\t\t<div class=\"elementor-widget-container\">\n\t\t\t\t\t<h2 class=\"elementor-heading-title elementor-size-default\">Musika da gidari bakarra<\/h2>\t\t\t\t<\/div>\n\t\t\t\t<\/div>\n\t\t\t\t<div class=\"elementor-element elementor-element-0c1d4f6 elementor-drop-cap-yes elementor-drop-cap-view-stacked elementor-widget elementor-widget-text-editor\" data-id=\"0c1d4f6\" data-element_type=\"widget\" data-e-type=\"widget\" data-settings=\"{&quot;drop_cap&quot;:&quot;yes&quot;}\" data-widget_type=\"text-editor.default\">\n\t\t\t\t<div class=\"elementor-widget-container\">\n\t\t\t\t\t\t\t\t\t<p>Gure saioek musika aukera guztiak ikutzen dituzte, abesti lasaietatik hasi eta abesti zaratatsu eta oso basatietaraino. Musikak saioan zehar eboluzionatzen du erritmo desberdinetanetan murgiltzen gaitu eta oletu sentsazioen itsaso batean flotarazten gaitu. Mugarik gabe, taldearen energiarekin, mota guztietako musika estilo, erritmo eta joera erritmikoen nahasketa bat proposatuz, pentsatu gabe dantza egitera animatzen gaituzten fluxuak sortuz.<\/p>\t\t\t\t\t\t\t\t<\/div>\n\t\t\t\t<\/div>\n\t\t\t\t<\/div>\n\t\t<div class=\"elementor-element elementor-element-1fafcfa e-con-full e-flex e-con e-child\" data-id=\"1fafcfa\" data-element_type=\"container\" data-e-type=\"container\">\n\t\t\t\t<div class=\"elementor-element elementor-element-c3b87a6 elementor-widget elementor-widget-testimonial\" data-id=\"c3b87a6\" data-element_type=\"widget\" data-e-type=\"widget\" data-widget_type=\"testimonial.default\">\n\t\t\t\t<div class=\"elementor-widget-container\">\n\t\t\t\t\t\t\t<div class=\"elementor-testimonial-wrapper\">\n\t\t\t\t\t\t\t<div class=\"elementor-testimonial-content\">\"Musika, behin ariman onartuta, espiritu moduko bat bihurtzen da, eta ez da inoiz hiltzen\".<\/div>\n\t\t\t\n\t\t\t\t\t\t<div class=\"elementor-testimonial-meta elementor-has-image elementor-testimonial-image-position-aside\">\n\t\t\t\t<div class=\"elementor-testimonial-meta-inner\">\n\t\t\t\t\t\t\t\t\t\t\t<div class=\"elementor-testimonial-image\">\n\t\t\t\t\t\t\t<img decoding=\"async\" width=\"401\" height=\"556\" src=\"https:\/\/ecstaticdance.eus\/wp-content\/uploads\/Edward-Bulwer-Lytton.jpg\" class=\"attachment-full size-full wp-image-2197\" alt=\"\" srcset=\"https:\/\/ecstaticdance.eus\/wp-content\/uploads\/Edward-Bulwer-Lytton.jpg 401w, https:\/\/ecstaticdance.eus\/wp-content\/uploads\/Edward-Bulwer-Lytton-216x300.jpg 216w\" sizes=\"(max-width: 401px) 100vw, 401px\" \/>\t\t\t\t\t\t<\/div>\n\t\t\t\t\t\n\t\t\t\t\t\t\t\t\t\t<div class=\"elementor-testimonial-details\">\n\t\t\t\t\t\t\t\t\t\t\t\t\t\t<div class=\"elementor-testimonial-name\">Edward Bulwer-Lytton <\/div>\n\t\t\t\t\t\t\t\t\t\t\t\t\t\t\t\t\t\t\t\t\t\t<div class=\"elementor-testimonial-job\">Idazlea<\/div>\n\t\t\t\t\t\t\t\t\t\t\t\t\t<\/div>\n\t\t\t\t\t\t\t\t\t<\/div>\n\t\t\t<\/div>\n\t\t\t\t\t<\/div>\n\t\t\t\t\t\t<\/div>\n\t\t\t\t<\/div>\n\t\t\t\t<div class=\"elementor-element elementor-element-4f58162 elementor-widget elementor-widget-text-editor\" data-id=\"4f58162\" data-element_type=\"widget\" data-e-type=\"widget\" data-widget_type=\"text-editor.default\">\n\t\t\t\t<div class=\"elementor-widget-container\">\n\t\t\t\t\t\t\t\t\t<p>Esperientzia musikal murgiltzailea eskaintzen dugu. Ecstatic Dance-n espezializatutako DJ-en eskutik, zeinek erritmo, melodia, estilo eta kolore ezberdinetan zehar soinu-bidai batean gidatzen gaitu, adierazi nahi duguna esploratzeko aukera dugu. Musika kontu handiz aukeratzen da mugimendu librea eta gorputz adierazpena sustatzeko. Musikak berebiziko garrantzia du saio hauetan, genero eta erritmo sorta zabala hartuz. Saioaren unearen arabera, alaia eta animatua izan daiteke, baina baita motela eta meditatzailea ere. Musika estilo ugari uztartzen ditugu.<\/p><p><br \/>Hainbat estilotako musika, gida inspiratzaile bihurtzen dena, eta bidaian garamatzana, hainbat gorputz-sentsazio eta paisaia emozionaletan barrena. Handitasun solemnez eta edertasun liluragarriz eraikitako soinu-paisaiak birsortzen ditugu. Afrikako polirritmiak, Ekialde Ertaineko mantrak, art rock, world music, folklore gaelikoa, ambient, pop, R&amp;B, funk, jazz fusioa, techno, indie pop, rock progresiboa, global beat, neo-folk, trance, elektronika, edo erritmo tribalak. Kultura, lerro estetiko eta musika-mugimendu askoren eragina duen musikaz gozatzeko aukera.<\/p><p><br \/>Soinu paisaia amaigabeak zeharkatzen ditugu, energia egoerekin konbinatzen diren doinu eta estilo ezberdinekin, fluxua eta bibrazioa sortzen duen marea sortuz. Musika erabiltzen dugu soinu eta testura emozional desberdinekin esperimentatzeko, euforia, barrea, sentsualitatea, tristura edo katarsia sortuz. Eta musika da gure gida bakarra.<\/p>\t\t\t\t\t\t\t\t<\/div>\n\t\t\t\t<\/div>\n\t\t\t\t<\/div>\n\t\t\t\t<div class=\"elementor-element elementor-element-dd4f216 elementor-widget__width-inherit elementor-widget elementor-widget-testimonial\" data-id=\"dd4f216\" data-element_type=\"widget\" data-e-type=\"widget\" data-widget_type=\"testimonial.default\">\n\t\t\t\t<div class=\"elementor-widget-container\">\n\t\t\t\t\t\t\t<div class=\"elementor-testimonial-wrapper\">\n\t\t\t\t\t\t\t<div class=\"elementor-testimonial-content\">\"Musika ez den ezer ez dagoela jakin aurretik dantzatzen dute haurrek\".<\/div>\n\t\t\t\n\t\t\t\t\t\t<div class=\"elementor-testimonial-meta elementor-has-image elementor-testimonial-image-position-aside\">\n\t\t\t\t<div class=\"elementor-testimonial-meta-inner\">\n\t\t\t\t\t\t\t\t\t\t\t<div class=\"elementor-testimonial-image\">\n\t\t\t\t\t\t\t<img decoding=\"async\" width=\"459\" height=\"459\" src=\"https:\/\/ecstaticdance.eus\/wp-content\/uploads\/AVT_Paulo-Coelho_4862.jpg\" class=\"attachment-full size-full wp-image-2199\" alt=\"\" srcset=\"https:\/\/ecstaticdance.eus\/wp-content\/uploads\/AVT_Paulo-Coelho_4862.jpg 459w, https:\/\/ecstaticdance.eus\/wp-content\/uploads\/AVT_Paulo-Coelho_4862-300x300.jpg 300w, https:\/\/ecstaticdance.eus\/wp-content\/uploads\/AVT_Paulo-Coelho_4862-150x150.jpg 150w\" sizes=\"(max-width: 459px) 100vw, 459px\" \/>\t\t\t\t\t\t<\/div>\n\t\t\t\t\t\n\t\t\t\t\t\t\t\t\t\t<div class=\"elementor-testimonial-details\">\n\t\t\t\t\t\t\t\t\t\t\t\t\t\t<div class=\"elementor-testimonial-name\">Paulo Coelho<\/div>\n\t\t\t\t\t\t\t\t\t\t\t\t\t\t\t\t\t\t\t\t\t\t<div class=\"elementor-testimonial-job\">Idazlea<\/div>\n\t\t\t\t\t\t\t\t\t\t\t\t\t<\/div>\n\t\t\t\t\t\t\t\t\t<\/div>\n\t\t\t<\/div>\n\t\t\t\t\t<\/div>\n\t\t\t\t\t\t<\/div>\n\t\t\t\t<\/div>\n\t\t\t\t\t<\/div>\n\t\t\t\t<\/div>\n\t\t<div class=\"elementor-element elementor-element-2584175 e-con-full e-flex e-con e-parent\" data-id=\"2584175\" data-element_type=\"container\" data-e-type=\"container\">\n\t\t\t\t<\/div>\n\t\t<div class=\"elementor-element elementor-element-64f842b e-flex e-con-boxed e-con e-parent\" data-id=\"64f842b\" data-element_type=\"container\" data-e-type=\"container\">\n\t\t\t\t\t<div class=\"e-con-inner\">\n\t\t<div class=\"elementor-element elementor-element-f96d32d e-con-full e-flex e-con e-child\" data-id=\"f96d32d\" data-element_type=\"container\" data-e-type=\"container\">\n\t\t\t\t<\/div>\n\t\t<div class=\"elementor-element elementor-element-3ac3ad4 e-con-full e-flex e-con e-child\" data-id=\"3ac3ad4\" data-element_type=\"container\" data-e-type=\"container\">\n\t\t\t\t<div class=\"elementor-element elementor-element-b3595f0 elementor-widget elementor-widget-image\" data-id=\"b3595f0\" data-element_type=\"widget\" data-e-type=\"widget\" data-widget_type=\"image.default\">\n\t\t\t\t<div class=\"elementor-widget-container\">\n\t\t\t\t\t\t\t\t\t\t\t\t\t\t\t\t<a href=\"https:\/\/ecstaticdance.eus\/eu\/entorno-magico\/\">\n\t\t\t\t\t\t\t<img loading=\"lazy\" decoding=\"async\" width=\"1000\" height=\"666\" src=\"https:\/\/ecstaticdance.eus\/wp-content\/uploads\/Social-1024x682.jpg\" class=\"attachment-large size-large wp-image-1885\" alt=\"Ecstatic Dance nos proporciona un entorno seguro y de apoyo\" srcset=\"https:\/\/ecstaticdance.eus\/wp-content\/uploads\/Social-1024x682.jpg 1024w, https:\/\/ecstaticdance.eus\/wp-content\/uploads\/Social-300x200.jpg 300w, https:\/\/ecstaticdance.eus\/wp-content\/uploads\/Social-768x512.jpg 768w, https:\/\/ecstaticdance.eus\/wp-content\/uploads\/Social-1536x1024.jpg 1536w, https:\/\/ecstaticdance.eus\/wp-content\/uploads\/Social.jpg 2000w\" sizes=\"(max-width: 1000px) 100vw, 1000px\" \/>\t\t\t\t\t\t\t\t<\/a>\n\t\t\t\t\t\t\t\t\t\t\t\t\t\t\t<\/div>\n\t\t\t\t<\/div>\n\t\t\t\t<div class=\"elementor-element elementor-element-6888943 elementor-widget elementor-widget-heading\" data-id=\"6888943\" data-element_type=\"widget\" data-e-type=\"widget\" data-widget_type=\"heading.default\">\n\t\t\t\t<div class=\"elementor-widget-container\">\n\t\t\t\t\t<h2 class=\"elementor-heading-title elementor-size-default\"><a href=\"https:\/\/ecstaticdance.eus\/eu\/entorno-magico\/\">Esparru seguru eta lagunkoia<\/a><\/h2>\t\t\t\t<\/div>\n\t\t\t\t<\/div>\n\t\t\t\t<div class=\"elementor-element elementor-element-da5efe4 elementor-view-default elementor-widget elementor-widget-icon\" data-id=\"da5efe4\" data-element_type=\"widget\" data-e-type=\"widget\" data-widget_type=\"icon.default\">\n\t\t\t\t<div class=\"elementor-widget-container\">\n\t\t\t\t\t\t\t<div class=\"elementor-icon-wrapper\">\n\t\t\t<a class=\"elementor-icon elementor-animation-push\" href=\"https:\/\/ecstaticdance.eus\/eu\/entorno-magico\/\">\n\t\t\t<svg aria-hidden=\"true\" class=\"e-font-icon-svg e-fas-plus-circle\" viewBox=\"0 0 512 512\" xmlns=\"http:\/\/www.w3.org\/2000\/svg\"><path d=\"M256 8C119 8 8 119 8 256s111 248 248 248 248-111 248-248S393 8 256 8zm144 276c0 6.6-5.4 12-12 12h-92v92c0 6.6-5.4 12-12 12h-56c-6.6 0-12-5.4-12-12v-92h-92c-6.6 0-12-5.4-12-12v-56c0-6.6 5.4-12 12-12h92v-92c0-6.6 5.4-12 12-12h56c6.6 0 12 5.4 12 12v92h92c6.6 0 12 5.4 12 12v56z\"><\/path><\/svg>\t\t\t<\/a>\n\t\t<\/div>\n\t\t\t\t\t\t<\/div>\n\t\t\t\t<\/div>\n\t\t\t\t<\/div>\n\t\t<div class=\"elementor-element elementor-element-c65bea0 e-con-full e-flex e-con e-child\" data-id=\"c65bea0\" data-element_type=\"container\" data-e-type=\"container\">\n\t\t\t\t<\/div>\n\t\t\t\t\t<\/div>\n\t\t\t\t<\/div>\n\t\t\t\t<\/div>\n\t\t","protected":false},"excerpt":{"rendered":"<p>Musika da gidari bakarra Gure saioek musika aukera guztiak ikutzen dituzte, abesti lasaietatik hasi eta abesti zaratatsu eta oso basatietaraino. Musikak saioan zehar eboluzionatzen du erritmo desberdinetanetan murgiltzen gaitu eta oletu sentsazioen itsaso batean flotarazten gaitu. Mugarik gabe, taldearen energiarekin, mota guztietako musika estilo, erritmo eta joera erritmikoen nahasketa bat proposatuz, pentsatu gabe dantza egitera &#8230; <\/p>\n<p class=\"read-more-container\"><a title=\"Musika da gidari bakarra\" class=\"read-more button\" href=\"https:\/\/ecstaticdance.eus\/eu\/la-musica\/#more-3342\" aria-label=\"Read more about Musika da gidari bakarra\">Read more<\/a><\/p>\n","protected":false},"author":1,"featured_media":1880,"parent":0,"menu_order":0,"comment_status":"closed","ping_status":"closed","template":"","meta":{"footnotes":""},"class_list":{"0":"post-3342","1":"page","2":"type-page","3":"status-publish","4":"has-post-thumbnail","6":"no-featured-image-padding"},"yoast_head":"<!-- This site is optimized with the Yoast SEO plugin v27.4 - https:\/\/yoast.com\/product\/yoast-seo-wordpress\/ -->\n<title>Musika da gidari bakarra - Ecstatic Dance<\/title>\n<meta name=\"description\" content=\"Ecstatic Dance musika-bidai mugiltzailea da DJ baten eskutik, zeinek erritmo, melodia, estilo eta kolore ezberdinetan zehar gidatzen gaitu.\" \/>\n<meta name=\"robots\" content=\"index, follow, max-snippet:-1, max-image-preview:large, max-video-preview:-1\" \/>\n<link rel=\"canonical\" href=\"https:\/\/ecstaticdance.eus\/eu\/la-musica\/\" \/>\n<meta property=\"og:locale\" content=\"eu_ES\" \/>\n<meta property=\"og:type\" content=\"article\" \/>\n<meta property=\"og:title\" content=\"Musika da gidari bakarra - Ecstatic Dance\" \/>\n<meta property=\"og:description\" content=\"Ecstatic Dance musika-bidai mugiltzailea da DJ baten eskutik, zeinek erritmo, melodia, estilo eta kolore ezberdinetan zehar gidatzen gaitu.\" \/>\n<meta property=\"og:url\" content=\"https:\/\/ecstaticdance.eus\/eu\/la-musica\/\" \/>\n<meta property=\"og:site_name\" content=\"Ecstatic Dance\" \/>\n<meta property=\"article:publisher\" content=\"https:\/\/www.facebook.com\/profile.php?id=61557291540602&amp;locale=es_ES\" \/>\n<meta property=\"article:modified_time\" content=\"2024-12-08T19:02:05+00:00\" \/>\n<meta property=\"og:image\" content=\"https:\/\/ecstaticdance.eus\/wp-content\/uploads\/Musica.jpg\" \/>\n\t<meta property=\"og:image:width\" content=\"2000\" \/>\n\t<meta property=\"og:image:height\" content=\"1333\" \/>\n\t<meta property=\"og:image:type\" content=\"image\/jpeg\" \/>\n<meta name=\"twitter:card\" content=\"summary_large_image\" \/>\n<meta name=\"twitter:site\" content=\"@EcstaticDantzSS\" \/>\n<meta name=\"twitter:label1\" content=\"Est. reading time\" \/>\n\t<meta name=\"twitter:data1\" content=\"3 minutes\" \/>\n<script type=\"application\/ld+json\" class=\"yoast-schema-graph\">{\"@context\":\"https:\\\/\\\/schema.org\",\"@graph\":[{\"@type\":\"WebPage\",\"@id\":\"https:\\\/\\\/ecstaticdance.eus\\\/eu\\\/la-musica\\\/\",\"url\":\"https:\\\/\\\/ecstaticdance.eus\\\/eu\\\/la-musica\\\/\",\"name\":\"Musika da gidari bakarra - Ecstatic Dance\",\"isPartOf\":{\"@id\":\"https:\\\/\\\/ecstaticdance.eus\\\/#website\"},\"primaryImageOfPage\":{\"@id\":\"https:\\\/\\\/ecstaticdance.eus\\\/eu\\\/la-musica\\\/#primaryimage\"},\"image\":{\"@id\":\"https:\\\/\\\/ecstaticdance.eus\\\/eu\\\/la-musica\\\/#primaryimage\"},\"thumbnailUrl\":\"https:\\\/\\\/ecstaticdance.eus\\\/wp-content\\\/uploads\\\/Musica.jpg\",\"datePublished\":\"2024-06-30T11:09:01+00:00\",\"dateModified\":\"2024-12-08T19:02:05+00:00\",\"description\":\"Ecstatic Dance musika-bidai mugiltzailea da DJ baten eskutik, zeinek erritmo, melodia, estilo eta kolore ezberdinetan zehar gidatzen gaitu.\",\"breadcrumb\":{\"@id\":\"https:\\\/\\\/ecstaticdance.eus\\\/eu\\\/la-musica\\\/#breadcrumb\"},\"inLanguage\":\"eu-ES\",\"potentialAction\":[{\"@type\":\"ReadAction\",\"target\":[\"https:\\\/\\\/ecstaticdance.eus\\\/eu\\\/la-musica\\\/\"]}]},{\"@type\":\"ImageObject\",\"inLanguage\":\"eu-ES\",\"@id\":\"https:\\\/\\\/ecstaticdance.eus\\\/eu\\\/la-musica\\\/#primaryimage\",\"url\":\"https:\\\/\\\/ecstaticdance.eus\\\/wp-content\\\/uploads\\\/Musica.jpg\",\"contentUrl\":\"https:\\\/\\\/ecstaticdance.eus\\\/wp-content\\\/uploads\\\/Musica.jpg\",\"width\":2000,\"height\":1333,\"caption\":\"En Ecstatic Dance utilizamos la m\u00fasica como nuestro \u00fanico gu\u00eda\"},{\"@type\":\"BreadcrumbList\",\"@id\":\"https:\\\/\\\/ecstaticdance.eus\\\/eu\\\/la-musica\\\/#breadcrumb\",\"itemListElement\":[{\"@type\":\"ListItem\",\"position\":1,\"name\":\"Portada\",\"item\":\"https:\\\/\\\/ecstaticdance.eus\\\/eu\\\/\"},{\"@type\":\"ListItem\",\"position\":2,\"name\":\"Musika da gidari bakarra\"}]},{\"@type\":\"WebSite\",\"@id\":\"https:\\\/\\\/ecstaticdance.eus\\\/#website\",\"url\":\"https:\\\/\\\/ecstaticdance.eus\\\/\",\"name\":\"Ecstatic Dance\",\"description\":\"Vocaci\u00f3n de servicio hacia la salud y el bienestar integral de las personas mediante Ecstatic Dance\",\"publisher\":{\"@id\":\"https:\\\/\\\/ecstaticdance.eus\\\/#organization\"},\"alternateName\":\"ecstaticdance\",\"potentialAction\":[{\"@type\":\"SearchAction\",\"target\":{\"@type\":\"EntryPoint\",\"urlTemplate\":\"https:\\\/\\\/ecstaticdance.eus\\\/?s={search_term_string}\"},\"query-input\":{\"@type\":\"PropertyValueSpecification\",\"valueRequired\":true,\"valueName\":\"search_term_string\"}}],\"inLanguage\":\"eu-ES\"},{\"@type\":\"Organization\",\"@id\":\"https:\\\/\\\/ecstaticdance.eus\\\/#organization\",\"name\":\"Ecstatic Dance Donostia San Sebastian\",\"alternateName\":\"ecstaticdance.eus\",\"url\":\"https:\\\/\\\/ecstaticdance.eus\\\/\",\"logo\":{\"@type\":\"ImageObject\",\"inLanguage\":\"eu-ES\",\"@id\":\"https:\\\/\\\/ecstaticdance.eus\\\/#\\\/schema\\\/logo\\\/image\\\/\",\"url\":\"https:\\\/\\\/ecstaticdance.eus\\\/wp-content\\\/uploads\\\/donostia.jpg\",\"contentUrl\":\"https:\\\/\\\/ecstaticdance.eus\\\/wp-content\\\/uploads\\\/donostia.jpg\",\"width\":1398,\"height\":1461,\"caption\":\"Ecstatic Dance Donostia San Sebastian\"},\"image\":{\"@id\":\"https:\\\/\\\/ecstaticdance.eus\\\/#\\\/schema\\\/logo\\\/image\\\/\"},\"sameAs\":[\"https:\\\/\\\/www.facebook.com\\\/profile.php?id=61557291540602&locale=es_ES\",\"https:\\\/\\\/x.com\\\/EcstaticDantzSS\",\"https:\\\/\\\/www.instagram.com\\\/ecstaticdancedonostia\\\/\"]}]}<\/script>\n<!-- \/ Yoast SEO plugin. -->","yoast_head_json":{"title":"Musika da gidari bakarra - Ecstatic Dance","description":"Ecstatic Dance musika-bidai mugiltzailea da DJ baten eskutik, zeinek erritmo, melodia, estilo eta kolore ezberdinetan zehar gidatzen gaitu.","robots":{"index":"index","follow":"follow","max-snippet":"max-snippet:-1","max-image-preview":"max-image-preview:large","max-video-preview":"max-video-preview:-1"},"canonical":"https:\/\/ecstaticdance.eus\/eu\/la-musica\/","og_locale":"eu_ES","og_type":"article","og_title":"Musika da gidari bakarra - Ecstatic Dance","og_description":"Ecstatic Dance musika-bidai mugiltzailea da DJ baten eskutik, zeinek erritmo, melodia, estilo eta kolore ezberdinetan zehar gidatzen gaitu.","og_url":"https:\/\/ecstaticdance.eus\/eu\/la-musica\/","og_site_name":"Ecstatic Dance","article_publisher":"https:\/\/www.facebook.com\/profile.php?id=61557291540602&locale=es_ES","article_modified_time":"2024-12-08T19:02:05+00:00","og_image":[{"width":2000,"height":1333,"url":"https:\/\/ecstaticdance.eus\/wp-content\/uploads\/Musica.jpg","type":"image\/jpeg"}],"twitter_card":"summary_large_image","twitter_site":"@EcstaticDantzSS","twitter_misc":{"Est. reading time":"3 minutes"},"schema":{"@context":"https:\/\/schema.org","@graph":[{"@type":"WebPage","@id":"https:\/\/ecstaticdance.eus\/eu\/la-musica\/","url":"https:\/\/ecstaticdance.eus\/eu\/la-musica\/","name":"Musika da gidari bakarra - Ecstatic Dance","isPartOf":{"@id":"https:\/\/ecstaticdance.eus\/#website"},"primaryImageOfPage":{"@id":"https:\/\/ecstaticdance.eus\/eu\/la-musica\/#primaryimage"},"image":{"@id":"https:\/\/ecstaticdance.eus\/eu\/la-musica\/#primaryimage"},"thumbnailUrl":"https:\/\/ecstaticdance.eus\/wp-content\/uploads\/Musica.jpg","datePublished":"2024-06-30T11:09:01+00:00","dateModified":"2024-12-08T19:02:05+00:00","description":"Ecstatic Dance musika-bidai mugiltzailea da DJ baten eskutik, zeinek erritmo, melodia, estilo eta kolore ezberdinetan zehar gidatzen gaitu.","breadcrumb":{"@id":"https:\/\/ecstaticdance.eus\/eu\/la-musica\/#breadcrumb"},"inLanguage":"eu-ES","potentialAction":[{"@type":"ReadAction","target":["https:\/\/ecstaticdance.eus\/eu\/la-musica\/"]}]},{"@type":"ImageObject","inLanguage":"eu-ES","@id":"https:\/\/ecstaticdance.eus\/eu\/la-musica\/#primaryimage","url":"https:\/\/ecstaticdance.eus\/wp-content\/uploads\/Musica.jpg","contentUrl":"https:\/\/ecstaticdance.eus\/wp-content\/uploads\/Musica.jpg","width":2000,"height":1333,"caption":"En Ecstatic Dance utilizamos la m\u00fasica como nuestro \u00fanico gu\u00eda"},{"@type":"BreadcrumbList","@id":"https:\/\/ecstaticdance.eus\/eu\/la-musica\/#breadcrumb","itemListElement":[{"@type":"ListItem","position":1,"name":"Portada","item":"https:\/\/ecstaticdance.eus\/eu\/"},{"@type":"ListItem","position":2,"name":"Musika da gidari bakarra"}]},{"@type":"WebSite","@id":"https:\/\/ecstaticdance.eus\/#website","url":"https:\/\/ecstaticdance.eus\/","name":"Ecstatic Dance","description":"Vocaci\u00f3n de servicio hacia la salud y el bienestar integral de las personas mediante Ecstatic Dance","publisher":{"@id":"https:\/\/ecstaticdance.eus\/#organization"},"alternateName":"ecstaticdance","potentialAction":[{"@type":"SearchAction","target":{"@type":"EntryPoint","urlTemplate":"https:\/\/ecstaticdance.eus\/?s={search_term_string}"},"query-input":{"@type":"PropertyValueSpecification","valueRequired":true,"valueName":"search_term_string"}}],"inLanguage":"eu-ES"},{"@type":"Organization","@id":"https:\/\/ecstaticdance.eus\/#organization","name":"Ecstatic Dance Donostia San Sebastian","alternateName":"ecstaticdance.eus","url":"https:\/\/ecstaticdance.eus\/","logo":{"@type":"ImageObject","inLanguage":"eu-ES","@id":"https:\/\/ecstaticdance.eus\/#\/schema\/logo\/image\/","url":"https:\/\/ecstaticdance.eus\/wp-content\/uploads\/donostia.jpg","contentUrl":"https:\/\/ecstaticdance.eus\/wp-content\/uploads\/donostia.jpg","width":1398,"height":1461,"caption":"Ecstatic Dance Donostia San Sebastian"},"image":{"@id":"https:\/\/ecstaticdance.eus\/#\/schema\/logo\/image\/"},"sameAs":["https:\/\/www.facebook.com\/profile.php?id=61557291540602&locale=es_ES","https:\/\/x.com\/EcstaticDantzSS","https:\/\/www.instagram.com\/ecstaticdancedonostia\/"]}]}},"_links":{"self":[{"href":"https:\/\/ecstaticdance.eus\/eu\/wp-json\/wp\/v2\/pages\/3342","targetHints":{"allow":["GET"]}}],"collection":[{"href":"https:\/\/ecstaticdance.eus\/eu\/wp-json\/wp\/v2\/pages"}],"about":[{"href":"https:\/\/ecstaticdance.eus\/eu\/wp-json\/wp\/v2\/types\/page"}],"author":[{"embeddable":true,"href":"https:\/\/ecstaticdance.eus\/eu\/wp-json\/wp\/v2\/users\/1"}],"replies":[{"embeddable":true,"href":"https:\/\/ecstaticdance.eus\/eu\/wp-json\/wp\/v2\/comments?post=3342"}],"version-history":[{"count":0,"href":"https:\/\/ecstaticdance.eus\/eu\/wp-json\/wp\/v2\/pages\/3342\/revisions"}],"wp:featuredmedia":[{"embeddable":true,"href":"https:\/\/ecstaticdance.eus\/eu\/wp-json\/wp\/v2\/media\/1880"}],"wp:attachment":[{"href":"https:\/\/ecstaticdance.eus\/eu\/wp-json\/wp\/v2\/media?parent=3342"}],"curies":[{"name":"wp","href":"https:\/\/api.w.org\/{rel}","templated":true}]}}